{"id":201,"date":"2019-12-27T13:56:15","date_gmt":"2019-12-27T12:56:15","guid":{"rendered":"https:\/\/papeteriemichotte.be\/?page_id=201"},"modified":"2025-06-10T10:03:36","modified_gmt":"2025-06-10T08:03:36","slug":"partenaires","status":"publish","type":"page","link":"https:\/\/papeteriemichotte.be\/nl\/partenaires\/","title":{"rendered":"Partners"},"content":{"rendered":"\t\t<div data-elementor-type=\"wp-page\" data-elementor-id=\"201\" class=\"elementor elementor-201\" data-elementor-post-type=\"page\">\n\t\t\t\t<div class=\"elementor-element elementor-element-a5025d0 e-flex e-con-boxed elementor-invisible e-con e-parent\" data-id=\"a5025d0\" data-element_type=\"container\" data-e-type=\"container\" data-settings=\"{&quot;background_background&quot;:&quot;slideshow&quot;,&quot;animation&quot;:&quot;fadeIn&quot;,&quot;background_slideshow_gallery&quot;:[{&quot;id&quot;:2625,&quot;url&quot;:&quot;https:\\\/\\\/papeteriemichotte.be\\\/wp-content\\\/uploads\\\/Design-sans-titre-2025-06-05T121903.310.png&quot;},{&quot;id&quot;:2626,&quot;url&quot;:&quot;https:\\\/\\\/papeteriemichotte.be\\\/wp-content\\\/uploads\\\/Design-sans-titre-2025-06-05T121800.137.png&quot;}],&quot;background_slideshow_slide_duration&quot;:7000,&quot;background_slideshow_loop&quot;:&quot;yes&quot;,&quot;background_slideshow_slide_transition&quot;:&quot;fade&quot;,&quot;background_slideshow_transition_duration&quot;:500}\">\n\t\t\t\t\t<div class=\"e-con-inner\">\n\t\t\t\t<div class=\"elementor-element elementor-element-cca7326 elementor-invisible elementor-widget elementor-widget-heading\" data-id=\"cca7326\" data-element_type=\"widget\" data-e-type=\"widget\" data-settings=\"{&quot;_animation&quot;:&quot;fadeInUp&quot;,&quot;_animation_delay&quot;:&quot;500&quot;}\" data-widget_type=\"heading.default\">\n\t\t\t\t<div class=\"elementor-widget-container\">\n\t\t\t\t\t<h2 class=\"elementor-heading-title elementor-size-default\">Avec le soutien de<\/h2>\t\t\t\t<\/div>\n\t\t\t\t<\/div>\n\t\t\t\t<div class=\"elementor-element elementor-element-5b6af7e elementor-invisible elementor-widget elementor-widget-heading\" data-id=\"5b6af7e\" data-element_type=\"widget\" data-e-type=\"widget\" data-settings=\"{&quot;_animation&quot;:&quot;fadeInUp&quot;}\" data-widget_type=\"heading.default\">\n\t\t\t\t<div class=\"elementor-widget-container\">\n\t\t\t\t\t<h1 class=\"elementor-heading-title elementor-size-default\">Nos partenaires<\/h1>\t\t\t\t<\/div>\n\t\t\t\t<\/div>\n\t\t\t\t<div class=\"elementor-element elementor-element-cd78a4b elementor-align-left elementor-invisible elementor-widget elementor-widget-button\" data-id=\"cd78a4b\" data-element_type=\"widget\" data-e-type=\"widget\" data-settings=\"{&quot;_animation&quot;:&quot;fadeIn&quot;}\" data-widget_type=\"button.default\">\n\t\t\t\t<div class=\"elementor-widget-container\">\n\t\t\t\t\t\t\t\t\t<div class=\"elementor-button-wrapper\">\n\t\t\t\t\t<a class=\"elementor-button elementor-button-link elementor-size-md elementor-animation-grow\" href=\"https:\/\/michotte.officedealpartner.com\/fr\/\" target=\"_blank\" rel=\"noopener\">\n\t\t\t\t\t\t<span class=\"elementor-button-content-wrapper\">\n\t\t\t\t\t\t\t\t\t<span class=\"elementor-button-text\">Boutique en ligne<\/span>\n\t\t\t\t\t<\/span>\n\t\t\t\t\t<\/a>\n\t\t\t\t<\/div>\n\t\t\t\t\t\t\t\t<\/div>\n\t\t\t\t<\/div>\n\t\t\t\t<div class=\"elementor-element elementor-element-603e4cc elementor-view-default elementor-widget elementor-widget-icon\" data-id=\"603e4cc\" data-element_type=\"widget\" data-e-type=\"widget\" data-widget_type=\"icon.default\">\n\t\t\t\t<div class=\"elementor-widget-container\">\n\t\t\t\t\t\t\t<div class=\"elementor-icon-wrapper\">\n\t\t\t<a class=\"elementor-icon elementor-animation-grow\" href=\"#scroll\">\n\t\t\t<i aria-hidden=\"true\" class=\"fas fa-chevron-down\"><\/i>\t\t\t<\/a>\n\t\t<\/div>\n\t\t\t\t\t\t<\/div>\n\t\t\t\t<\/div>\n\t\t\t\t\t<\/div>\n\t\t\t\t<\/div>\n\t\t<div class=\"elementor-element elementor-element-b14b7ac e-flex e-con-boxed e-con e-parent\" data-id=\"b14b7ac\" data-element_type=\"container\" data-e-type=\"container\" id=\"scroll\" data-settings=\"{&quot;background_background&quot;:&quot;classic&quot;}\">\n\t\t\t\t\t<div class=\"e-con-inner\">\n\t\t\t\t<div class=\"elementor-element elementor-element-70cf2ac elementor-widget-divider--view-line elementor-widget elementor-widget-divider\" data-id=\"70cf2ac\" data-element_type=\"widget\" data-e-type=\"widget\" data-widget_type=\"divider.default\">\n\t\t\t\t<div class=\"elementor-widget-container\">\n\t\t\t\t\t\t\t<div class=\"elementor-divider\">\n\t\t\t<span class=\"elementor-divider-separator\">\n\t\t\t\t\t\t<\/span>\n\t\t<\/div>\n\t\t\t\t\t\t<\/div>\n\t\t\t\t<\/div>\n\t\t\t\t<div class=\"elementor-element elementor-element-6cd4ef5 elementor-invisible elementor-widget elementor-widget-heading\" data-id=\"6cd4ef5\" data-element_type=\"widget\" data-e-type=\"widget\" data-settings=\"{&quot;_animation&quot;:&quot;fadeInUp&quot;,&quot;_animation_delay&quot;:&quot;500&quot;}\" data-widget_type=\"heading.default\">\n\t\t\t\t<div class=\"elementor-widget-container\">\n\t\t\t\t\t<h2 class=\"elementor-heading-title elementor-size-default\">Partenaires<\/h2>\t\t\t\t<\/div>\n\t\t\t\t<\/div>\n\t\t<div class=\"elementor-element elementor-element-fae6f5c e-grid e-con-full e-con e-child\" data-id=\"fae6f5c\" data-element_type=\"container\" data-e-type=\"container\">\n\t\t<div class=\"elementor-element elementor-element-3e4d630 e-con-full e-flex e-con e-child\" data-id=\"3e4d630\" data-element_type=\"container\" data-e-type=\"container\">\n\t\t\t\t<div class=\"elementor-element elementor-element-8f4b18e elementor-widget elementor-widget-text-editor\" data-id=\"8f4b18e\" data-element_type=\"widget\" data-e-type=\"widget\" data-widget_type=\"text-editor.default\">\n\t\t\t\t<div class=\"elementor-widget-container\">\n\t\t\t\t\t\t\t\t\t<p>Nous ne s\u00e9lectionnons que les meilleurs produits et des marques reconnues<\/p>\t\t\t\t\t\t\t\t<\/div>\n\t\t\t\t<\/div>\n\t\t\t\t<\/div>\n\t\t<div class=\"elementor-element elementor-element-4f29f80 e-con-full e-flex e-con e-child\" data-id=\"4f29f80\" data-element_type=\"container\" data-e-type=\"container\">\n\t\t\t\t<div class=\"elementor-element elementor-element-2bbc0b0 elementor-widget elementor-widget-text-editor\" data-id=\"2bbc0b0\" data-element_type=\"widget\" data-e-type=\"widget\" data-widget_type=\"text-editor.default\">\n\t\t\t\t<div class=\"elementor-widget-container\">\n\t\t\t\t\t\t\t\t\t<p>Nous vendons des imprimantes\u00a0(multifonctions, \u00e0 jets d\u2019encre, laser\u00a0\u2026),\u00a0cartouches et consommables, \u00e9crans et moniteurs, disques durs, de la papeterie, des \u00e9tiqueteuses et labels printers (Dymo), des plastifieuses, des calculatrices, cl\u00e9s USB, routeurs wifi, destructeurs de documents, &#8230;<\/p>\t\t\t\t\t\t\t\t<\/div>\n\t\t\t\t<\/div>\n\t\t\t\t<\/div>\n\t\t\t\t<\/div>\n\t\t\t\t\t<\/div>\n\t\t\t\t<\/div>\n\t\t<div class=\"elementor-element elementor-element-b78d549 e-con-full e-flex elementor-invisible e-con e-parent\" data-id=\"b78d549\" data-element_type=\"container\" data-e-type=\"container\" data-settings=\"{&quot;animation&quot;:&quot;fadeIn&quot;}\">\n\t\t<div class=\"elementor-element elementor-element-6ce4e35 e-con-full e-flex e-con e-child\" data-id=\"6ce4e35\" data-element_type=\"container\" data-e-type=\"container\">\n\t\t\t\t<div class=\"elementor-element elementor-element-7181c75 elementor-widget elementor-widget-image-carousel\" data-id=\"7181c75\" data-element_type=\"widget\" data-e-type=\"widget\" data-settings=\"{&quot;slides_to_show&quot;:&quot;6&quot;,&quot;navigation&quot;:&quot;none&quot;,&quot;autoplay_speed&quot;:1000,&quot;speed&quot;:10000,&quot;slides_to_show_tablet&quot;:&quot;6&quot;,&quot;autoplay&quot;:&quot;yes&quot;,&quot;pause_on_hover&quot;:&quot;yes&quot;,&quot;pause_on_interaction&quot;:&quot;yes&quot;,&quot;infinite&quot;:&quot;yes&quot;,&quot;image_spacing_custom&quot;:{&quot;unit&quot;:&quot;px&quot;,&quot;size&quot;:20,&quot;sizes&quot;:[]},&quot;image_spacing_custom_tablet&quot;:{&quot;unit&quot;:&quot;px&quot;,&quot;size&quot;:&quot;&quot;,&quot;sizes&quot;:[]},&quot;image_spacing_custom_mobile&quot;:{&quot;unit&quot;:&quot;px&quot;,&quot;size&quot;:&quot;&quot;,&quot;sizes&quot;:[]}}\" data-widget_type=\"image-carousel.default\">\n\t\t\t\t<div class=\"elementor-widget-container\">\n\t\t\t\t\t\t\t<div class=\"elementor-image-carousel-wrapper swiper\" role=\"region\" aria-roledescription=\"carousel\" aria-label=\"Carrousel d\u2019images\" dir=\"ltr\">\n\t\t\t<div class=\"elementor-image-carousel swiper-wrapper\" aria-live=\"off\">\n\t\t\t\t\t\t\t\t<div class=\"swiper-slide\" role=\"group\" aria-roledescription=\"slide\" aria-label=\"1 sur 8\"><figure class=\"swiper-slide-inner\"><img decoding=\"async\" class=\"swiper-slide-image\" src=\"https:\/\/papeteriemichotte.be\/wp-content\/uploads\/elementor\/thumbs\/httpsweb0.skydoo.cloud8443adminsubscriptionoverviewid126-9-r6uqzmz4oklhe5mjswlnoq7hi2lthg6i4bsuti0bgg.png\" alt=\"httpsweb0.skydoo.cloud8443adminsubscriptionoverviewid126-9.png\" title=\"|\"><\/figure><\/div><div class=\"swiper-slide\" role=\"group\" aria-roledescription=\"slide\" aria-label=\"2 sur 8\"><figure class=\"swiper-slide-inner\"><img decoding=\"async\" class=\"swiper-slide-image\" src=\"https:\/\/papeteriemichotte.be\/wp-content\/uploads\/elementor\/thumbs\/httpsweb0.skydoo.cloud8443adminsubscriptionoverviewid126-15-r6uqzsm5tkt7btecvz1f3os92du0rmsw53prp5ryf4.png\" alt=\"httpsweb0.skydoo.cloud8443adminsubscriptionoverviewid126-15.png\" title=\"|\"><\/figure><\/div><div class=\"swiper-slide\" role=\"group\" aria-roledescription=\"slide\" aria-label=\"3 sur 8\"><figure class=\"swiper-slide-inner\"><img decoding=\"async\" class=\"swiper-slide-image\" src=\"https:\/\/papeteriemichotte.be\/wp-content\/uploads\/elementor\/thumbs\/trodat-omi2rnirh93oxl5c9a3wnu7s1gzsi76yr9ulfp40e8.png\" alt=\"trodat | Michotte, papeterie et bureautique Wavre\" title=\"|\"><\/figure><\/div><div class=\"swiper-slide\" role=\"group\" aria-roledescription=\"slide\" aria-label=\"4 sur 8\"><figure class=\"swiper-slide-inner\"><img decoding=\"async\" class=\"swiper-slide-image\" src=\"https:\/\/papeteriemichotte.be\/wp-content\/uploads\/elementor\/thumbs\/dymo-omi2rnirh93oxl5c9a3wnu7s1gzsi76yr9ulfp40e8.png\" alt=\"dymo | Michotte, papeterie et bureautique Wavre\" title=\"|\"><\/figure><\/div><div class=\"swiper-slide\" role=\"group\" aria-roledescription=\"slide\" aria-label=\"5 sur 8\"><figure class=\"swiper-slide-inner\"><img decoding=\"async\" class=\"swiper-slide-image\" src=\"https:\/\/papeteriemichotte.be\/wp-content\/uploads\/elementor\/thumbs\/colop-e1584097299876-omi85ljxmmlkh3fjr44p4wbojl28px55f7pa71jojk.png\" alt=\"colop | Michotte, papeterie et bureautique Wavre\" title=\"|\"><\/figure><\/div><div class=\"swiper-slide\" role=\"group\" aria-roledescription=\"slide\" aria-label=\"6 sur 8\"><figure class=\"swiper-slide-inner\"><img decoding=\"async\" class=\"swiper-slide-image\" src=\"https:\/\/papeteriemichotte.be\/wp-content\/uploads\/elementor\/thumbs\/canon-omi2rnirh93oxl5c9a3wnu7s1gzsi76yr9ulfp40e8.png\" alt=\"canon | Michotte, papeterie et bureautique Wavre\" title=\"|\"><\/figure><\/div><div class=\"swiper-slide\" role=\"group\" aria-roledescription=\"slide\" aria-label=\"7 sur 8\"><figure class=\"swiper-slide-inner\"><img decoding=\"async\" class=\"swiper-slide-image\" src=\"https:\/\/papeteriemichotte.be\/wp-content\/uploads\/elementor\/thumbs\/casio-omi2rnirh93oxl5c9a3wnu7s1gzsi76yr9ulfp40e8.png\" alt=\"casio | Michotte, papeterie et bureautique Wavre\" title=\"|\"><\/figure><\/div><div class=\"swiper-slide\" role=\"group\" aria-roledescription=\"slide\" aria-label=\"8 sur 8\"><figure class=\"swiper-slide-inner\"><img decoding=\"async\" class=\"swiper-slide-image\" src=\"https:\/\/papeteriemichotte.be\/wp-content\/uploads\/elementor\/thumbs\/brother-omi2rnirh93oxl5c9a3wnu7s1gzsi76yr9ulfp40e8.png\" alt=\"brother | Michotte, papeterie et bureautique Wavre\" title=\"|\"><\/figure><\/div>\t\t\t<\/div>\n\t\t\t\t\t\t\t\n\t\t\t\t\t\t\t\t\t<\/div>\n\t\t\t\t\t\t<\/div>\n\t\t\t\t<\/div>\n\t\t\t\t<\/div>\n\t\t\t\t<\/div>\n\t\t\t\t<section class=\"elementor-section elementor-top-section elementor-element elementor-element-3fe3c1bc elementor-hidden-desktop elementor-hidden-tablet elementor-hidden-mobile elementor-section-boxed elementor-section-height-default elementor-section-height-default elementor-invisible\" data-id=\"3fe3c1bc\" data-element_type=\"section\" data-e-type=\"section\" data-settings=\"{&quot;animation&quot;:&quot;fadeIn&quot;,&quot;background_background&quot;:&quot;classic&quot;}\">\n\t\t\t\t\t\t<div class=\"elementor-container elementor-column-gap-default\">\n\t\t\t\t\t<div class=\"elementor-column elementor-col-50 elementor-top-column elementor-element elementor-element-103e4fb\" data-id=\"103e4fb\" data-element_type=\"column\" data-e-type=\"column\">\n\t\t\t<div class=\"elementor-widget-wrap elementor-element-populated\">\n\t\t\t\t\t\t<section class=\"elementor-section elementor-inner-section elementor-element elementor-element-51ecef6e elementor-section-boxed elementor-section-height-default elementor-section-height-default\" data-id=\"51ecef6e\" data-element_type=\"section\" data-e-type=\"section\">\n\t\t\t\t\t\t<div class=\"elementor-container elementor-column-gap-default\">\n\t\t\t\t\t<div class=\"elementor-column elementor-col-100 elementor-inner-column elementor-element elementor-element-53d4aa60\" data-id=\"53d4aa60\" data-element_type=\"column\" data-e-type=\"column\">\n\t\t\t<div class=\"elementor-widget-wrap elementor-element-populated\">\n\t\t\t\t\t\t<div class=\"elementor-element elementor-element-6e450292 elementor-invisible elementor-widget elementor-widget-heading\" data-id=\"6e450292\" data-element_type=\"widget\" data-e-type=\"widget\" data-settings=\"{&quot;_animation&quot;:&quot;fadeInUp&quot;,&quot;_animation_delay&quot;:&quot;500&quot;}\" data-widget_type=\"heading.default\">\n\t\t\t\t<div class=\"elementor-widget-container\">\n\t\t\t\t\t<h2 class=\"elementor-heading-title elementor-size-default\">Partenaires<\/h2>\t\t\t\t<\/div>\n\t\t\t\t<\/div>\n\t\t\t\t<div class=\"elementor-element elementor-element-c0a0e79 elementor-widget-tablet__width-initial elementor-widget-mobile__width-inherit elementor-widget elementor-widget-image-box\" data-id=\"c0a0e79\" data-element_type=\"widget\" data-e-type=\"widget\" data-widget_type=\"image-box.default\">\n\t\t\t\t<div class=\"elementor-widget-container\">\n\t\t\t\t\t<div class=\"elementor-image-box-wrapper\"><div class=\"elementor-image-box-content\"><p class=\"elementor-image-box-description\">Nous ne s\u00e9lectionnons que les meilleurs produits et des marques reconnues<\/p><\/div><\/div>\t\t\t\t<\/div>\n\t\t\t\t<\/div>\n\t\t\t\t<div class=\"elementor-element elementor-element-f2c49ff elementor-widget-tablet__width-initial elementor-widget-mobile__width-inherit elementor-widget elementor-widget-image-box\" data-id=\"f2c49ff\" data-element_type=\"widget\" data-e-type=\"widget\" data-widget_type=\"image-box.default\">\n\t\t\t\t<div class=\"elementor-widget-container\">\n\t\t\t\t\t<div class=\"elementor-image-box-wrapper\"><div class=\"elementor-image-box-content\"><p class=\"elementor-image-box-description\">Nous vendons des imprimantes\u00a0(multifonctions, \u00e0 jets d\u2019encre, laser\u00a0\u2026),\u00a0cartouches et consommables, \u00e9crans et moniteurs, disques durs, de la papeterie, des \u00e9tiqueteuses et labels printers (Dymo), des plastifieuses, des calculatrices, cl\u00e9s USB, routeurs wifi, destructeurs de documents, ...<\/p><\/div><\/div>\t\t\t\t<\/div>\n\t\t\t\t<\/div>\n\t\t\t\t\t<\/div>\n\t\t<\/div>\n\t\t\t\t\t<\/div>\n\t\t<\/section>\n\t\t\t\t\t<\/div>\n\t\t<\/div>\n\t\t\t\t<div class=\"elementor-column elementor-col-50 elementor-top-column elementor-element elementor-element-396acf67\" data-id=\"396acf67\" data-element_type=\"column\" data-e-type=\"column\">\n\t\t\t<div class=\"elementor-widget-wrap elementor-element-populated\">\n\t\t\t\t\t\t<div class=\"elementor-element elementor-element-e5cf00a gallery-spacing-custom elementor-widget elementor-widget-image-gallery\" data-id=\"e5cf00a\" data-element_type=\"widget\" data-e-type=\"widget\" data-widget_type=\"image-gallery.default\">\n\t\t\t\t<div class=\"elementor-widget-container\">\n\t\t\t\t\t\t\t<div class=\"elementor-image-gallery\">\n\t\t\t<div id='gallery-1' class='gallery galleryid-201 gallery-columns-4 gallery-size-medium_large'><figure class='gallery-item'>\n\t\t\t<div class='gallery-icon landscape'>\n\t\t\t\t<img decoding=\"async\" width=\"200\" height=\"200\" src=\"https:\/\/papeteriemichotte.be\/wp-content\/uploads\/trodat.png\" class=\"attachment-medium_large size-medium_large\" alt=\"trodat | Michotte, papeterie et bureautique Wavre\" srcset=\"https:\/\/papeteriemichotte.be\/wp-content\/uploads\/trodat.png 200w, https:\/\/papeteriemichotte.be\/wp-content\/uploads\/trodat-100x100.png 100w\" sizes=\"(max-width: 200px) 100vw, 200px\" title=\"|\">\n\t\t\t<\/div><\/figure><figure class='gallery-item'>\n\t\t\t<div class='gallery-icon landscape'>\n\t\t\t\t<img decoding=\"async\" width=\"200\" height=\"200\" src=\"https:\/\/papeteriemichotte.be\/wp-content\/uploads\/samsung.png\" class=\"attachment-medium_large size-medium_large\" alt=\"samsung | Michotte, papeterie et bureautique Wavre\" srcset=\"https:\/\/papeteriemichotte.be\/wp-content\/uploads\/samsung.png 200w, https:\/\/papeteriemichotte.be\/wp-content\/uploads\/samsung-100x100.png 100w\" sizes=\"(max-width: 200px) 100vw, 200px\" title=\"|\">\n\t\t\t<\/div><\/figure><figure class='gallery-item'>\n\t\t\t<div class='gallery-icon landscape'>\n\t\t\t\t<img decoding=\"async\" width=\"200\" height=\"200\" src=\"https:\/\/papeteriemichotte.be\/wp-content\/uploads\/oki.png\" class=\"attachment-medium_large size-medium_large\" alt=\"oki | Michotte, papeterie et bureautique Wavre\" srcset=\"https:\/\/papeteriemichotte.be\/wp-content\/uploads\/oki.png 200w, https:\/\/papeteriemichotte.be\/wp-content\/uploads\/oki-100x100.png 100w\" sizes=\"(max-width: 200px) 100vw, 200px\" title=\"|\">\n\t\t\t<\/div><\/figure><figure class='gallery-item'>\n\t\t\t<div class='gallery-icon landscape'>\n\t\t\t\t<img loading=\"lazy\" decoding=\"async\" width=\"200\" height=\"200\" src=\"https:\/\/papeteriemichotte.be\/wp-content\/uploads\/hp.png\" class=\"attachment-medium_large size-medium_large\" alt=\"partenaires\" srcset=\"https:\/\/papeteriemichotte.be\/wp-content\/uploads\/hp.png 200w, https:\/\/papeteriemichotte.be\/wp-content\/uploads\/hp-100x100.png 100w\" sizes=\"(max-width: 200px) 100vw, 200px\" title=\"|\">\n\t\t\t<\/div><\/figure><figure class='gallery-item'>\n\t\t\t<div class='gallery-icon landscape'>\n\t\t\t\t<img loading=\"lazy\" decoding=\"async\" width=\"200\" height=\"200\" src=\"https:\/\/papeteriemichotte.be\/wp-content\/uploads\/epson.png\" class=\"attachment-medium_large size-medium_large\" alt=\"epson | Michotte, papeterie et bureautique Wavre\" srcset=\"https:\/\/papeteriemichotte.be\/wp-content\/uploads\/epson.png 200w, https:\/\/papeteriemichotte.be\/wp-content\/uploads\/epson-100x100.png 100w\" sizes=\"(max-width: 200px) 100vw, 200px\" title=\"|\">\n\t\t\t<\/div><\/figure><figure class='gallery-item'>\n\t\t\t<div class='gallery-icon landscape'>\n\t\t\t\t<img loading=\"lazy\" decoding=\"async\" width=\"200\" height=\"200\" src=\"https:\/\/papeteriemichotte.be\/wp-content\/uploads\/dymo.png\" class=\"attachment-medium_large size-medium_large\" alt=\"dymo | Michotte, papeterie et bureautique Wavre\" srcset=\"https:\/\/papeteriemichotte.be\/wp-content\/uploads\/dymo.png 200w, https:\/\/papeteriemichotte.be\/wp-content\/uploads\/dymo-100x100.png 100w\" sizes=\"(max-width: 200px) 100vw, 200px\" title=\"|\">\n\t\t\t<\/div><\/figure><figure class='gallery-item'>\n\t\t\t<div class='gallery-icon landscape'>\n\t\t\t\t<img loading=\"lazy\" decoding=\"async\" width=\"206\" height=\"184\" src=\"https:\/\/papeteriemichotte.be\/wp-content\/uploads\/colop-e1584097299876.png\" class=\"attachment-medium_large size-medium_large\" alt=\"colop | Michotte, papeterie et bureautique Wavre\" title=\"|\">\n\t\t\t<\/div><\/figure><figure class='gallery-item'>\n\t\t\t<div class='gallery-icon landscape'>\n\t\t\t\t<img loading=\"lazy\" decoding=\"async\" width=\"200\" height=\"200\" src=\"https:\/\/papeteriemichotte.be\/wp-content\/uploads\/casio.png\" class=\"attachment-medium_large size-medium_large\" alt=\"casio | Michotte, papeterie et bureautique Wavre\" srcset=\"https:\/\/papeteriemichotte.be\/wp-content\/uploads\/casio.png 200w, https:\/\/papeteriemichotte.be\/wp-content\/uploads\/casio-100x100.png 100w\" sizes=\"(max-width: 200px) 100vw, 200px\" title=\"|\">\n\t\t\t<\/div><\/figure><figure class='gallery-item'>\n\t\t\t<div class='gallery-icon landscape'>\n\t\t\t\t<img loading=\"lazy\" decoding=\"async\" width=\"200\" height=\"200\" src=\"https:\/\/papeteriemichotte.be\/wp-content\/uploads\/canon.png\" class=\"attachment-medium_large size-medium_large\" alt=\"canon | Michotte, papeterie et bureautique Wavre\" srcset=\"https:\/\/papeteriemichotte.be\/wp-content\/uploads\/canon.png 200w, https:\/\/papeteriemichotte.be\/wp-content\/uploads\/canon-100x100.png 100w\" sizes=\"(max-width: 200px) 100vw, 200px\" title=\"|\">\n\t\t\t<\/div><\/figure><figure class='gallery-item'>\n\t\t\t<div class='gallery-icon landscape'>\n\t\t\t\t<img loading=\"lazy\" decoding=\"async\" width=\"200\" height=\"200\" src=\"https:\/\/papeteriemichotte.be\/wp-content\/uploads\/brother.png\" class=\"attachment-medium_large size-medium_large\" alt=\"brother | Michotte, papeterie et bureautique Wavre\" srcset=\"https:\/\/papeteriemichotte.be\/wp-content\/uploads\/brother.png 200w, https:\/\/papeteriemichotte.be\/wp-content\/uploads\/brother-100x100.png 100w\" sizes=\"(max-width: 200px) 100vw, 200px\" title=\"|\">\n\t\t\t<\/div><\/figure>\n\t\t<\/div>\n\t\t<\/div>\n\t\t\t\t\t\t<\/div>\n\t\t\t\t<\/div>\n\t\t\t\t\t<\/div>\n\t\t<\/div>\n\t\t\t\t\t<\/div>\n\t\t<\/section>\n\t\t<div class=\"elementor-element elementor-element-5594181 e-flex e-con-boxed elementor-invisible e-con e-parent\" data-id=\"5594181\" data-element_type=\"container\" data-e-type=\"container\" data-settings=\"{&quot;background_background&quot;:&quot;classic&quot;,&quot;animation&quot;:&quot;fadeIn&quot;,&quot;animation_delay&quot;:&quot;300&quot;}\">\n\t\t\t\t\t<div class=\"e-con-inner\">\n\t\t\t\t<div class=\"elementor-element elementor-element-7d8001f elementor-widget-divider--view-line elementor-widget elementor-widget-divider\" data-id=\"7d8001f\" data-element_type=\"widget\" data-e-type=\"widget\" data-widget_type=\"divider.default\">\n\t\t\t\t<div class=\"elementor-widget-container\">\n\t\t\t\t\t\t\t<div class=\"elementor-divider\">\n\t\t\t<span class=\"elementor-divider-separator\">\n\t\t\t\t\t\t<\/span>\n\t\t<\/div>\n\t\t\t\t\t\t<\/div>\n\t\t\t\t<\/div>\n\t\t\t\t<div class=\"elementor-element elementor-element-e8d8e38 elementor-invisible elementor-widget elementor-widget-heading\" data-id=\"e8d8e38\" data-element_type=\"widget\" data-e-type=\"widget\" data-settings=\"{&quot;_animation&quot;:&quot;fadeInUp&quot;}\" data-widget_type=\"heading.default\">\n\t\t\t\t<div class=\"elementor-widget-container\">\n\t\t\t\t\t<h2 class=\"elementor-heading-title elementor-size-default\">D\u00e9couvrez la boutique en ligne<\/h2>\t\t\t\t<\/div>\n\t\t\t\t<\/div>\n\t\t\t\t<div class=\"elementor-element elementor-element-9853e21 elementor-align-left elementor-invisible elementor-widget elementor-widget-button\" data-id=\"9853e21\" data-element_type=\"widget\" data-e-type=\"widget\" data-settings=\"{&quot;_animation&quot;:&quot;fadeIn&quot;}\" data-widget_type=\"button.default\">\n\t\t\t\t<div class=\"elementor-widget-container\">\n\t\t\t\t\t\t\t\t\t<div class=\"elementor-button-wrapper\">\n\t\t\t\t\t<a class=\"elementor-button elementor-button-link elementor-size-md elementor-animation-grow\" href=\"https:\/\/michotte.officedealpartner.com\/fr\/\" target=\"_blank\" rel=\"noopener\">\n\t\t\t\t\t\t<span class=\"elementor-button-content-wrapper\">\n\t\t\t\t\t\t\t\t\t<span class=\"elementor-button-text\">Boutique en ligne<\/span>\n\t\t\t\t\t<\/span>\n\t\t\t\t\t<\/a>\n\t\t\t\t<\/div>\n\t\t\t\t\t\t\t\t<\/div>\n\t\t\t\t<\/div>\n\t\t\t\t\t<\/div>\n\t\t\t\t<\/div>\n\t\t\t\t<\/div>\n\t\t","protected":false},"excerpt":{"rendered":"<p>Avec le soutien de Nos partenaires Boutique en ligne Partenaires Nous ne s\u00e9lectionnons que les meilleurs produits et des marques reconnues Nous vendons des imprimantes\u00a0(multifonctions, \u00e0 jets d\u2019encre, laser\u00a0\u2026),\u00a0cartouches et consommables, \u00e9crans et moniteurs, disques durs, de la papeterie, des \u00e9tiqueteuses et labels printers (Dymo), des plastifieuses, des calculatrices, cl\u00e9s USB, routeurs wifi, destructeurs de [&hellip;]<\/p>\n","protected":false},"author":1,"featured_media":367,"parent":0,"menu_order":0,"comment_status":"closed","ping_status":"closed","template":"elementor_header_footer","meta":{"_acf_changed":false,"footnotes":""},"class_list":["post-201","page","type-page","status-publish","has-post-thumbnail","hentry"],"acf":[],"_links":{"self":[{"href":"https:\/\/papeteriemichotte.be\/nl\/wp-json\/wp\/v2\/pages\/201","targetHints":{"allow":["GET"]}}],"collection":[{"href":"https:\/\/papeteriemichotte.be\/nl\/wp-json\/wp\/v2\/pages"}],"about":[{"href":"https:\/\/papeteriemichotte.be\/nl\/wp-json\/wp\/v2\/types\/page"}],"author":[{"embeddable":true,"href":"https:\/\/papeteriemichotte.be\/nl\/wp-json\/wp\/v2\/users\/1"}],"replies":[{"embeddable":true,"href":"https:\/\/papeteriemichotte.be\/nl\/wp-json\/wp\/v2\/comments?post=201"}],"version-history":[{"count":17,"href":"https:\/\/papeteriemichotte.be\/nl\/wp-json\/wp\/v2\/pages\/201\/revisions"}],"predecessor-version":[{"id":3038,"href":"https:\/\/papeteriemichotte.be\/nl\/wp-json\/wp\/v2\/pages\/201\/revisions\/3038"}],"wp:featuredmedia":[{"embeddable":true,"href":"https:\/\/papeteriemichotte.be\/nl\/wp-json\/wp\/v2\/media\/367"}],"wp:attachment":[{"href":"https:\/\/papeteriemichotte.be\/nl\/wp-json\/wp\/v2\/media?parent=201"}],"curies":[{"name":"wp","href":"https:\/\/api.w.org\/{rel}","templated":true}]}}