{"id":460,"date":"2020-03-10T14:19:02","date_gmt":"2020-03-10T13:19:02","guid":{"rendered":"https:\/\/papeteriemichotte.be\/?page_id=460"},"modified":"2025-06-05T17:58:35","modified_gmt":"2025-06-05T15:58:35","slug":"papeterie-michotte","status":"publish","type":"page","link":"https:\/\/papeteriemichotte.be\/nl\/papeterie-michotte\/","title":{"rendered":"Over Michotte"},"content":{"rendered":"\t\t<div data-elementor-type=\"wp-page\" data-elementor-id=\"460\" class=\"elementor elementor-460\" data-elementor-post-type=\"page\">\n\t\t\t\t<div class=\"elementor-element elementor-element-c067dd4 e-flex e-con-boxed elementor-invisible e-con e-parent\" data-id=\"c067dd4\" data-element_type=\"container\" data-e-type=\"container\" data-settings=\"{&quot;background_background&quot;:&quot;slideshow&quot;,&quot;animation&quot;:&quot;fadeIn&quot;,&quot;background_slideshow_gallery&quot;:[{&quot;id&quot;:2625,&quot;url&quot;:&quot;https:\\\/\\\/papeteriemichotte.be\\\/wp-content\\\/uploads\\\/Design-sans-titre-2025-06-05T121903.310.png&quot;},{&quot;id&quot;:2626,&quot;url&quot;:&quot;https:\\\/\\\/papeteriemichotte.be\\\/wp-content\\\/uploads\\\/Design-sans-titre-2025-06-05T121800.137.png&quot;}],&quot;background_slideshow_slide_duration&quot;:7000,&quot;background_slideshow_loop&quot;:&quot;yes&quot;,&quot;background_slideshow_slide_transition&quot;:&quot;fade&quot;,&quot;background_slideshow_transition_duration&quot;:500}\">\n\t\t\t\t\t<div class=\"e-con-inner\">\n\t\t\t\t<div class=\"elementor-element elementor-element-cdbfc87 elementor-invisible elementor-widget elementor-widget-heading\" data-id=\"cdbfc87\" data-element_type=\"widget\" data-e-type=\"widget\" data-settings=\"{&quot;_animation&quot;:&quot;fadeInUp&quot;,&quot;_animation_delay&quot;:&quot;500&quot;}\" data-widget_type=\"heading.default\">\n\t\t\t\t<div class=\"elementor-widget-container\">\n\t\t\t\t\t<h2 class=\"elementor-heading-title elementor-size-default\">\u00c0 propos de<\/h2>\t\t\t\t<\/div>\n\t\t\t\t<\/div>\n\t\t\t\t<div class=\"elementor-element elementor-element-34a8493 elementor-invisible elementor-widget elementor-widget-heading\" data-id=\"34a8493\" data-element_type=\"widget\" data-e-type=\"widget\" data-settings=\"{&quot;_animation&quot;:&quot;fadeInUp&quot;}\" data-widget_type=\"heading.default\">\n\t\t\t\t<div class=\"elementor-widget-container\">\n\t\t\t\t\t<h1 class=\"elementor-heading-title elementor-size-default\">Papeterie Michotte\n<\/h1>\t\t\t\t<\/div>\n\t\t\t\t<\/div>\n\t\t\t\t<div class=\"elementor-element elementor-element-c28cae7 elementor-align-left elementor-invisible elementor-widget elementor-widget-button\" data-id=\"c28cae7\" data-element_type=\"widget\" data-e-type=\"widget\" data-settings=\"{&quot;_animation&quot;:&quot;fadeIn&quot;}\" data-widget_type=\"button.default\">\n\t\t\t\t<div class=\"elementor-widget-container\">\n\t\t\t\t\t\t\t\t\t<div class=\"elementor-button-wrapper\">\n\t\t\t\t\t<a class=\"elementor-button elementor-button-link elementor-size-md elementor-animation-grow\" href=\"https:\/\/michotte.officedealpartner.com\/fr\/\" target=\"_blank\" rel=\"noopener\">\n\t\t\t\t\t\t<span class=\"elementor-button-content-wrapper\">\n\t\t\t\t\t\t\t\t\t<span class=\"elementor-button-text\">Boutique en ligne<\/span>\n\t\t\t\t\t<\/span>\n\t\t\t\t\t<\/a>\n\t\t\t\t<\/div>\n\t\t\t\t\t\t\t\t<\/div>\n\t\t\t\t<\/div>\n\t\t\t\t<div class=\"elementor-element elementor-element-511d2ab elementor-view-default elementor-widget elementor-widget-icon\" data-id=\"511d2ab\" data-element_type=\"widget\" data-e-type=\"widget\" data-widget_type=\"icon.default\">\n\t\t\t\t<div class=\"elementor-widget-container\">\n\t\t\t\t\t\t\t<div class=\"elementor-icon-wrapper\">\n\t\t\t<a class=\"elementor-icon elementor-animation-grow\" href=\"#scroll\">\n\t\t\t<i aria-hidden=\"true\" class=\"fas fa-chevron-down\"><\/i>\t\t\t<\/a>\n\t\t<\/div>\n\t\t\t\t\t\t<\/div>\n\t\t\t\t<\/div>\n\t\t\t\t\t<\/div>\n\t\t\t\t<\/div>\n\t\t<div class=\"elementor-element elementor-element-2ebe881 e-flex e-con-boxed e-con e-parent\" data-id=\"2ebe881\" data-element_type=\"container\" data-e-type=\"container\" id=\"scroll\" data-settings=\"{&quot;background_background&quot;:&quot;classic&quot;}\">\n\t\t\t\t\t<div class=\"e-con-inner\">\n\t\t\t\t<div class=\"elementor-element elementor-element-4215dfa elementor-widget-divider--view-line elementor-widget elementor-widget-divider\" data-id=\"4215dfa\" data-element_type=\"widget\" data-e-type=\"widget\" data-widget_type=\"divider.default\">\n\t\t\t\t<div class=\"elementor-widget-container\">\n\t\t\t\t\t\t\t<div class=\"elementor-divider\">\n\t\t\t<span class=\"elementor-divider-separator\">\n\t\t\t\t\t\t<\/span>\n\t\t<\/div>\n\t\t\t\t\t\t<\/div>\n\t\t\t\t<\/div>\n\t\t\t\t<div class=\"elementor-element elementor-element-e81934b elementor-invisible elementor-widget elementor-widget-heading\" data-id=\"e81934b\" data-element_type=\"widget\" data-e-type=\"widget\" data-settings=\"{&quot;_animation&quot;:&quot;fadeInUp&quot;,&quot;_animation_delay&quot;:&quot;500&quot;}\" data-widget_type=\"heading.default\">\n\t\t\t\t<div class=\"elementor-widget-container\">\n\t\t\t\t\t<h2 class=\"elementor-heading-title elementor-size-default\">Notre histoire<\/h2>\t\t\t\t<\/div>\n\t\t\t\t<\/div>\n\t\t<div class=\"elementor-element elementor-element-0f67563 e-grid e-con-full e-con e-child\" data-id=\"0f67563\" data-element_type=\"container\" data-e-type=\"container\">\n\t\t<div class=\"elementor-element elementor-element-c24560e e-con-full e-flex e-con e-child\" data-id=\"c24560e\" data-element_type=\"container\" data-e-type=\"container\">\n\t\t\t\t<div class=\"elementor-element elementor-element-54cf95d elementor-widget elementor-widget-heading\" data-id=\"54cf95d\" data-element_type=\"widget\" data-e-type=\"widget\" data-widget_type=\"heading.default\">\n\t\t\t\t<div class=\"elementor-widget-container\">\n\t\t\t\t\t<h2 class=\"elementor-heading-title elementor-size-default\">Pourquoi nous ?<\/h2>\t\t\t\t<\/div>\n\t\t\t\t<\/div>\n\t\t\t\t<div class=\"elementor-element elementor-element-ec0a2f8 elementor-widget elementor-widget-text-editor\" data-id=\"ec0a2f8\" data-element_type=\"widget\" data-e-type=\"widget\" data-widget_type=\"text-editor.default\">\n\t\t\t\t<div class=\"elementor-widget-container\">\n\t\t\t\t\t\t\t\t\t<p>Suivant les derni\u00e8res \u00e9volutions des technologies et de la bureautique, notre gamme de produits s\u2019est r\u00e9solument orient\u00e9e vers l\u2019informatique et ses d\u00e9riv\u00e9s. Nos clients sont principalement des professionnels et entreprises, mais nous r\u00e9pondons \u00e9galement au mieux aux besoins et demandes des particuliers.<\/p>\t\t\t\t\t\t\t\t<\/div>\n\t\t\t\t<\/div>\n\t\t\t\t<\/div>\n\t\t<div class=\"elementor-element elementor-element-d2dc150 e-con-full e-flex e-con e-child\" data-id=\"d2dc150\" data-element_type=\"container\" data-e-type=\"container\">\n\t\t\t\t<div class=\"elementor-element elementor-element-a7e881b elementor-widget elementor-widget-heading\" data-id=\"a7e881b\" data-element_type=\"widget\" data-e-type=\"widget\" data-widget_type=\"heading.default\">\n\t\t\t\t<div class=\"elementor-widget-container\">\n\t\t\t\t\t<h2 class=\"elementor-heading-title elementor-size-default\">Notre mission<\/h2>\t\t\t\t<\/div>\n\t\t\t\t<\/div>\n\t\t\t\t<div class=\"elementor-element elementor-element-be45e59 elementor-widget elementor-widget-text-editor\" data-id=\"be45e59\" data-element_type=\"widget\" data-e-type=\"widget\" data-widget_type=\"text-editor.default\">\n\t\t\t\t<div class=\"elementor-widget-container\">\n\t\t\t\t\t\t\t\t\t<p>Travaillant avec les plus grands distributeurs europ\u00e9ens (Brother, Hewlett Packard (HP), Epson, Casio etc.), nous sommes en mesure de vous garantir, tout au long de l\u2019ann\u00e9e, un large choix de produits \u00e0 des prix tr\u00e8s concurrentiels. Disponibles et \u00e0 votre \u00e9coute, nous mettons tout en \u0153uvre afin de vous satisfaire !<\/p>\t\t\t\t\t\t\t\t<\/div>\n\t\t\t\t<\/div>\n\t\t\t\t<\/div>\n\t\t\t\t<\/div>\n\t\t\t\t\t<\/div>\n\t\t\t\t<\/div>\n\t\t<div class=\"elementor-element elementor-element-817c6e5 e-flex e-con-boxed e-con e-parent\" data-id=\"817c6e5\" data-element_type=\"container\" data-e-type=\"container\">\n\t\t\t\t\t<div class=\"e-con-inner\">\n\t\t<div class=\"elementor-element elementor-element-92bdfce e-con-full e-flex e-con e-child\" data-id=\"92bdfce\" data-element_type=\"container\" data-e-type=\"container\" data-settings=\"{&quot;animation&quot;:&quot;none&quot;}\">\n\t\t\t\t<div class=\"elementor-element elementor-element-26b0326 elementor-widget-divider--view-line elementor-widget elementor-widget-divider\" data-id=\"26b0326\" data-element_type=\"widget\" data-e-type=\"widget\" data-widget_type=\"divider.default\">\n\t\t\t\t<div class=\"elementor-widget-container\">\n\t\t\t\t\t\t\t<div class=\"elementor-divider\">\n\t\t\t<span class=\"elementor-divider-separator\">\n\t\t\t\t\t\t<\/span>\n\t\t<\/div>\n\t\t\t\t\t\t<\/div>\n\t\t\t\t<\/div>\n\t\t\t\t<div class=\"elementor-element elementor-element-c41e043 elementor-invisible elementor-widget elementor-widget-text-editor\" data-id=\"c41e043\" data-element_type=\"widget\" data-e-type=\"widget\" data-settings=\"{&quot;_animation&quot;:&quot;fadeInUp&quot;,&quot;_animation_delay&quot;:&quot;500&quot;}\" data-widget_type=\"text-editor.default\">\n\t\t\t\t<div class=\"elementor-widget-container\">\n\t\t\t\t\t\t\t\t\t<p><b>Imprimerie<\/b> familiale install\u00e9e \u00e0 <b>Wavre<\/b> depuis 1935, le secteur d\u2019activit\u00e9s de la soci\u00e9t\u00e9 a \u00e9volu\u00e9 au fil du temps et de 3 g\u00e9n\u00e9rations. L\u2019imprimerie d\u00e9m\u00e9nagea en 1943 et fut compl\u00e9t\u00e9e d\u2019une <b>papeterie<\/b> classique dans les ann\u00e9es 50.<\/p><p>L\u2019activit\u00e9 destin\u00e9e aux entreprises et aux professions lib\u00e9rales se d\u00e9veloppa essentiellement au d\u00e9but des ann\u00e9es 80.<\/p><p>C\u2019est en 1989 que l\u2019orientation vers l\u2019informatique fut prise. Lorsque la 2\u00e8me g\u00e9n\u00e9ration eu droit \u00e0 une retraite bien m\u00e9rit\u00e9e en d\u00e9cembre 2001, nous avons d\u00e9cid\u00e9 de nous s\u00e9parer de l\u2019imprimerie afin de nous concentrer sur ce qui \u00e9tait devenu notre activit\u00e9 principale : <b>Informatique<\/b>, <b>consommables<\/b> et <b>papeterie<\/b> de bureau.<\/p><p>En juillet 2020, la nouvelle g\u00e9n\u00e9ration veillera \u00e0 ce que le secteur graphique ait une nouvelle entr\u00e9e. \u00a0<\/p>\t\t\t\t\t\t\t\t<\/div>\n\t\t\t\t<\/div>\n\t\t\t\t<div class=\"elementor-element elementor-element-30593e1 elementor-align-left elementor-mobile-align-center elementor-invisible elementor-widget elementor-widget-button\" data-id=\"30593e1\" data-element_type=\"widget\" data-e-type=\"widget\" data-settings=\"{&quot;_animation&quot;:&quot;fadeIn&quot;}\" data-widget_type=\"button.default\">\n\t\t\t\t<div class=\"elementor-widget-container\">\n\t\t\t\t\t\t\t\t\t<div class=\"elementor-button-wrapper\">\n\t\t\t\t\t<a class=\"elementor-button elementor-button-link elementor-size-md elementor-animation-grow\" href=\"https:\/\/papeteriemichotte.be\/nl\/contact\/\" target=\"_blank\">\n\t\t\t\t\t\t<span class=\"elementor-button-content-wrapper\">\n\t\t\t\t\t\t\t\t\t<span class=\"elementor-button-text\">Nous contacter<\/span>\n\t\t\t\t\t<\/span>\n\t\t\t\t\t<\/a>\n\t\t\t\t<\/div>\n\t\t\t\t\t\t\t\t<\/div>\n\t\t\t\t<\/div>\n\t\t\t\t<\/div>\n\t\t<div class=\"elementor-element elementor-element-6e772f3 e-con-full e-flex elementor-invisible e-con e-child\" data-id=\"6e772f3\" data-element_type=\"container\" data-e-type=\"container\" data-settings=\"{&quot;background_background&quot;:&quot;classic&quot;,&quot;animation&quot;:&quot;fadeInRight&quot;}\">\n\t\t\t\t<div class=\"elementor-element elementor-element-2d3aa51 elementor-widget elementor-widget-video\" data-id=\"2d3aa51\" data-element_type=\"widget\" data-e-type=\"widget\" data-settings=\"{&quot;youtube_url&quot;:&quot;https:\\\/\\\/youtu.be\\\/Uor-TW4sZCE&quot;,&quot;autoplay&quot;:&quot;yes&quot;,&quot;video_type&quot;:&quot;youtube&quot;,&quot;controls&quot;:&quot;yes&quot;}\" data-widget_type=\"video.default\">\n\t\t\t\t<div class=\"elementor-widget-container\">\n\t\t\t\t\t\t\t<div class=\"elementor-wrapper elementor-open-inline\">\n\t\t\t<div class=\"elementor-video\"><\/div>\t\t<\/div>\n\t\t\t\t\t\t<\/div>\n\t\t\t\t<\/div>\n\t\t\t\t<\/div>\n\t\t\t\t\t<\/div>\n\t\t\t\t<\/div>\n\t\t<div class=\"elementor-element elementor-element-3fae0e9 e-flex e-con-boxed elementor-invisible e-con e-parent\" data-id=\"3fae0e9\" data-element_type=\"container\" data-e-type=\"container\" data-settings=\"{&quot;background_background&quot;:&quot;classic&quot;,&quot;animation&quot;:&quot;fadeIn&quot;,&quot;animation_delay&quot;:&quot;300&quot;}\">\n\t\t\t\t\t<div class=\"e-con-inner\">\n\t\t\t\t<div class=\"elementor-element elementor-element-37d8559 elementor-widget-divider--view-line elementor-widget elementor-widget-divider\" data-id=\"37d8559\" data-element_type=\"widget\" data-e-type=\"widget\" data-widget_type=\"divider.default\">\n\t\t\t\t<div class=\"elementor-widget-container\">\n\t\t\t\t\t\t\t<div class=\"elementor-divider\">\n\t\t\t<span class=\"elementor-divider-separator\">\n\t\t\t\t\t\t<\/span>\n\t\t<\/div>\n\t\t\t\t\t\t<\/div>\n\t\t\t\t<\/div>\n\t\t\t\t<div class=\"elementor-element elementor-element-5c5daaa elementor-invisible elementor-widget elementor-widget-heading\" data-id=\"5c5daaa\" data-element_type=\"widget\" data-e-type=\"widget\" data-settings=\"{&quot;_animation&quot;:&quot;fadeInUp&quot;}\" data-widget_type=\"heading.default\">\n\t\t\t\t<div class=\"elementor-widget-container\">\n\t\t\t\t\t<h2 class=\"elementor-heading-title elementor-size-default\">D\u00e9couvrez la boutique en ligne<\/h2>\t\t\t\t<\/div>\n\t\t\t\t<\/div>\n\t\t\t\t<div class=\"elementor-element elementor-element-c3ed595 elementor-align-left elementor-invisible elementor-widget elementor-widget-button\" data-id=\"c3ed595\" data-element_type=\"widget\" data-e-type=\"widget\" data-settings=\"{&quot;_animation&quot;:&quot;fadeIn&quot;}\" data-widget_type=\"button.default\">\n\t\t\t\t<div class=\"elementor-widget-container\">\n\t\t\t\t\t\t\t\t\t<div class=\"elementor-button-wrapper\">\n\t\t\t\t\t<a class=\"elementor-button elementor-button-link elementor-size-md elementor-animation-grow\" href=\"https:\/\/michotte.officedealpartner.com\/fr\/\" target=\"_blank\" rel=\"noopener\">\n\t\t\t\t\t\t<span class=\"elementor-button-content-wrapper\">\n\t\t\t\t\t\t\t\t\t<span class=\"elementor-button-text\">Boutique en ligne<\/span>\n\t\t\t\t\t<\/span>\n\t\t\t\t\t<\/a>\n\t\t\t\t<\/div>\n\t\t\t\t\t\t\t\t<\/div>\n\t\t\t\t<\/div>\n\t\t\t\t\t<\/div>\n\t\t\t\t<\/div>\n\t\t\t\t<\/div>\n\t\t","protected":false},"excerpt":{"rendered":"<p>\u00c0 propos de Papeterie Michotte Boutique en ligne Notre histoire Pourquoi nous ? Suivant les derni\u00e8res \u00e9volutions des technologies et de la bureautique, notre gamme de produits s\u2019est r\u00e9solument orient\u00e9e vers l\u2019informatique et ses d\u00e9riv\u00e9s. Nos clients sont principalement des professionnels et entreprises, mais nous r\u00e9pondons \u00e9galement au mieux aux besoins et demandes des particuliers. [&hellip;]<\/p>\n","protected":false},"author":1,"featured_media":826,"parent":0,"menu_order":0,"comment_status":"closed","ping_status":"closed","template":"elementor_header_footer","meta":{"_acf_changed":false,"footnotes":""},"class_list":["post-460","page","type-page","status-publish","has-post-thumbnail","hentry"],"acf":[],"_links":{"self":[{"href":"https:\/\/papeteriemichotte.be\/nl\/wp-json\/wp\/v2\/pages\/460","targetHints":{"allow":["GET"]}}],"collection":[{"href":"https:\/\/papeteriemichotte.be\/nl\/wp-json\/wp\/v2\/pages"}],"about":[{"href":"https:\/\/papeteriemichotte.be\/nl\/wp-json\/wp\/v2\/types\/page"}],"author":[{"embeddable":true,"href":"https:\/\/papeteriemichotte.be\/nl\/wp-json\/wp\/v2\/users\/1"}],"replies":[{"embeddable":true,"href":"https:\/\/papeteriemichotte.be\/nl\/wp-json\/wp\/v2\/comments?post=460"}],"version-history":[{"count":56,"href":"https:\/\/papeteriemichotte.be\/nl\/wp-json\/wp\/v2\/pages\/460\/revisions"}],"predecessor-version":[{"id":3012,"href":"https:\/\/papeteriemichotte.be\/nl\/wp-json\/wp\/v2\/pages\/460\/revisions\/3012"}],"wp:featuredmedia":[{"embeddable":true,"href":"https:\/\/papeteriemichotte.be\/nl\/wp-json\/wp\/v2\/media\/826"}],"wp:attachment":[{"href":"https:\/\/papeteriemichotte.be\/nl\/wp-json\/wp\/v2\/media?parent=460"}],"curies":[{"name":"wp","href":"https:\/\/api.w.org\/{rel}","templated":true}]}}